{"id":449,"date":"2017-08-17T20:00:51","date_gmt":"2017-08-17T16:00:51","guid":{"rendered":"http:\/\/mediazona.az\/?page_id=449"},"modified":"2017-08-18T14:59:46","modified_gmt":"2017-08-18T10:59:46","slug":"haqqimizda","status":"publish","type":"page","link":"https:\/\/mediazona.az\/?page_id=449","title":{"rendered":"HAQQIMIZDA"},"content":{"rendered":"<h6><\/h6>\n<h6>31 iyul 2017-ci ild\u0259n f\u0259aliyy\u0259t\u0259 ba\u015flayan <strong>MED\u0130AZONA\u00a0<\/strong> sayt\u0131n\u0131n m\u0259qs\u0259d v\u0259 m\u0259ram\u0131\u00a0 d\u00f6vl\u0259t\u00e7ilik maraqlar\u0131n\u0131n qorunmas\u0131, c\u0259miyy\u0259tin d\u00fczg\u00fcn, dol\u011fun v\u0259 faktlara \u0259saslanm\u0131\u015f informasiya il\u0259 t\u0259min olunmas\u0131d\u0131r.<\/h6>\n<h6><\/h6>\n<h6>\u018fsas \u015f\u0259rtl\u0259rd\u0259n biri obyektiv, d\u0259qiq, t\u0259r\u0259fsiz m\u0259lumatlar\u0131 operativ \u015f\u0259kild\u0259 oxuculara \u00e7atd\u0131rmaqd\u0131r.<\/h6>\n<h6><\/h6>\n<h6>Sayt\u0131n vacib \u015f\u0259rtl\u0259rind\u0259n biri d\u0259 pe\u015f\u0259karl\u0131qd\u0131r. \u00d6lk\u0259mizd\u0259 v\u0259 d\u00fcnyada c\u0259r\u0259yan ed\u0259n prosesl\u0259r\u0259, m\u00f6vzular\u0131n ictimail\u0259\u015fm\u0259sin\u0259, m\u00fczakir\u0259l\u0259rin apar\u0131lmas\u0131na, ekspert r\u0259yl\u0259rin\u0259 diqq\u0259tl\u0259 yana\u015f\u0131l\u0131r.<\/h6>\n<h6><\/h6>\n<h6><strong>MED\u0130AZONA<\/strong>\u00a0 h\u0259r sah\u0259d\u0259 v\u0259 h\u0259r k\u0259sl\u0259 \u0259m\u0259kda\u015fl\u0131\u011fa haz\u0131rd\u0131r.<\/h6>\n<h6><\/h6>\n<h6>Sayta <strong>Mediazona.Az<\/strong> domenind\u0259n daxil olmaq m\u00fcmk\u00fcnd\u00fcr.<\/h6>\n<h6><\/h6>\n<h6><strong>T\u0259sis\u00e7i : Fatim\u0259 Pa\u015fayeva<\/strong><\/h6>\n","protected":false},"excerpt":{"rendered":"<p>31 iyul 2017-ci ild\u0259n f\u0259aliyy\u0259t\u0259 ba\u015flayan MED\u0130AZONA\u00a0 sayt\u0131n\u0131n m\u0259qs\u0259d v\u0259 m\u0259ram\u0131\u00a0 d\u00f6vl\u0259t\u00e7ilik maraqlar\u0131n\u0131n qorunmas\u0131, c\u0259miyy\u0259tin d\u00fczg\u00fcn, dol\u011fun v\u0259 faktlara \u0259saslanm\u0131\u015f informasiya il\u0259 t\u0259min olunmas\u0131d\u0131r. \u018fsas \u015f\u0259rtl\u0259rd\u0259n biri obyektiv, d\u0259qiq, t\u0259r\u0259fsiz&hellip;<\/p>\n","protected":false},"author":1,"featured_media":0,"parent":0,"menu_order":0,"comment_status":"closed","ping_status":"closed","template":"","meta":{"footnotes":""},"class_list":["post-449","page","type-page","status-publish","hentry"],"_links":{"self":[{"href":"https:\/\/mediazona.az\/index.php?rest_route=\/wp\/v2\/pages\/449","targetHints":{"allow":["GET"]}}],"collection":[{"href":"https:\/\/mediazona.az\/index.php?rest_route=\/wp\/v2\/pages"}],"about":[{"href":"https:\/\/mediazona.az\/index.php?rest_route=\/wp\/v2\/types\/page"}],"author":[{"embeddable":true,"href":"https:\/\/mediazona.az\/index.php?rest_route=\/wp\/v2\/users\/1"}],"replies":[{"embeddable":true,"href":"https:\/\/mediazona.az\/index.php?rest_route=%2Fwp%2Fv2%2Fcomments&post=449"}],"version-history":[{"count":6,"href":"https:\/\/mediazona.az\/index.php?rest_route=\/wp\/v2\/pages\/449\/revisions"}],"predecessor-version":[{"id":456,"href":"https:\/\/mediazona.az\/index.php?rest_route=\/wp\/v2\/pages\/449\/revisions\/456"}],"wp:attachment":[{"href":"https:\/\/mediazona.az\/index.php?rest_route=%2Fwp%2Fv2%2Fmedia&parent=449"}],"curies":[{"name":"wp","href":"https:\/\/api.w.org\/{rel}","templated":true}]}}