{"id":445,"date":"2017-08-17T19:55:22","date_gmt":"2017-08-17T15:55:22","guid":{"rendered":"http:\/\/mediazona.az\/?page_id=445"},"modified":"2022-02-04T15:35:10","modified_gmt":"2022-02-04T11:35:10","slug":"biziml%c9%99-%c9%99laq%c9%99","status":"publish","type":"page","link":"https:\/\/mediazona.az\/?page_id=445","title":{"rendered":"BIZIML\u018f \u018fLAQ\u018f"},"content":{"rendered":"<p><strong>\u00a0T\u0259sis\u00e7i v\u0259 ba\u015f redaktor: Fatim\u0259 \u0130sa q\u0131z\u0131 Pa\u015fayeva<\/strong><em><strong><span class=\"_5yl5\">\u00a0<\/span><\/strong><\/em><\/p>\n<p><strong>E-mail \u00a0Medizonaaz@gmail.com<\/strong><\/p>\n<p><strong>Reklam i\u015fl\u0259ri \u00fczr\u0259 \u0259laq\u0259 telefonu<\/strong><\/p>\n<ul>\n<li class=\"_h8t\">\n<div class=\"_5wd9 direction_ltr\">\n<div class=\"_5wde _n4o\">\n<div class=\"_5w1r _3_om _5wdf\">\n<div class=\"_4gx_\">\n<div class=\"_d97\"><strong><em>(+99455) 461 71 21<\/em><\/strong><\/div>\n<\/div>\n<\/div>\n<\/div>\n<\/div>\n<\/li>\n<\/ul>\n","protected":false},"excerpt":{"rendered":"<p>\u00a0T\u0259sis\u00e7i v\u0259 ba\u015f redaktor: Fatim\u0259 \u0130sa q\u0131z\u0131 Pa\u015fayeva\u00a0 E-mail \u00a0Medizonaaz@gmail.com Reklam i\u015fl\u0259ri \u00fczr\u0259 \u0259laq\u0259 telefonu (+99455) 461 71 21<\/p>\n","protected":false},"author":1,"featured_media":0,"parent":0,"menu_order":0,"comment_status":"closed","ping_status":"closed","template":"","meta":{"footnotes":""},"class_list":["post-445","page","type-page","status-publish","hentry"],"_links":{"self":[{"href":"https:\/\/mediazona.az\/index.php?rest_route=\/wp\/v2\/pages\/445","targetHints":{"allow":["GET"]}}],"collection":[{"href":"https:\/\/mediazona.az\/index.php?rest_route=\/wp\/v2\/pages"}],"about":[{"href":"https:\/\/mediazona.az\/index.php?rest_route=\/wp\/v2\/types\/page"}],"author":[{"embeddable":true,"href":"https:\/\/mediazona.az\/index.php?rest_route=\/wp\/v2\/users\/1"}],"replies":[{"embeddable":true,"href":"https:\/\/mediazona.az\/index.php?rest_route=%2Fwp%2Fv2%2Fcomments&post=445"}],"version-history":[{"count":14,"href":"https:\/\/mediazona.az\/index.php?rest_route=\/wp\/v2\/pages\/445\/revisions"}],"predecessor-version":[{"id":20387,"href":"https:\/\/mediazona.az\/index.php?rest_route=\/wp\/v2\/pages\/445\/revisions\/20387"}],"wp:attachment":[{"href":"https:\/\/mediazona.az\/index.php?rest_route=%2Fwp%2Fv2%2Fmedia&parent=445"}],"curies":[{"name":"wp","href":"https:\/\/api.w.org\/{rel}","templated":true}]}}